{"id":10177,"date":"2025-08-12T17:57:56","date_gmt":"2025-08-12T20:57:56","guid":{"rendered":"https:\/\/www.casanunez.com.ar\/catalogo\/?post_type=product&#038;p=10177"},"modified":"2025-10-08T10:57:51","modified_gmt":"2025-10-08T13:57:51","slug":"sofa-individual-maximo","status":"publish","type":"product","link":"https:\/\/www.casanunez.com.ar\/catalogo\/producto\/sofa-individual-maximo\/","title":{"rendered":"Sof\u00e1 individual M\u00e1ximo"},"content":{"rendered":"<p data-start=\"138\" data-end=\"589\"><strong data-start=\"138\" data-end=\"198\">SOFAS\u00a0NARDI\u00ae<\/strong><br data-start=\"198\" data-end=\"201\" \/>Dise\u00f1ado para la vida al aire libre, este sof\u00e1 modular est\u00e1 fabricado en resina con fibra de vidrio y cuenta con tratamiento anti-UV que conserva sus tonos con el paso del tiempo. Su estructura est\u00e1 pensada para resistir todos los agentes externos, al igual que su tapicer\u00eda en tela Sunbrella\u00ae, ideal para uso en exteriores por su durabilidad y resistencia al sol, la lluvia y la humedad.<\/p>\n<p data-start=\"591\" data-end=\"818\">Lo m\u00e1s destacado: \u00a1armalo como quieras! De uno a cinco cuerpos, con o sin apoyabrazos, este sof\u00e1 se adapta a tus necesidades gracias a un sistema de encastres y trabas que permite desmontar y reorganizar sus m\u00f3dulos f\u00e1cilmente.<\/p>\n<p data-start=\"591\" data-end=\"818\">Mesa en juego: 80x80x25 altura, disponible en 4 tonos.<\/p>\n<p data-start=\"820\" data-end=\"975\"><strong data-start=\"820\" data-end=\"841\">\u00bfC\u00f3mo lo armamos?<\/strong><br data-start=\"841\" data-end=\"844\" \/>Solo ten\u00e9s que indicarle a nuestras vendedoras la configuraci\u00f3n que prefer\u00eds, y lo preparamos (sujeto a stock disponible).<\/p>\n<p data-start=\"977\" data-end=\"1039\"><strong data-start=\"977\" data-end=\"1001\">Colores disponibles:<\/strong> amplia variedad de tonos para elegir.<\/p>\n","protected":false},"excerpt":{"rendered":"<p>SOFAS\u00a0NARDI\u00aeDise\u00f1ado para la vida al aire libre, este sof\u00e1 modular est\u00e1 fabricado en resina con fibra de vidrio y cuenta con tratamiento anti-UV que conserva sus tonos con el paso del tiempo. Su estructura est\u00e1 pensada para resistir todos los agentes externos, al igual que su tapicer\u00eda en tela Sunbrella\u00ae, ideal para uso en exteriores [&hellip;]<\/p>\n","protected":false},"featured_media":10180,"template":"","meta":{"_genesis_hide_title":false,"_genesis_hide_breadcrumbs":false,"_genesis_hide_singular_image":false,"_genesis_hide_footer_widgets":false,"_genesis_custom_body_class":"","_genesis_custom_post_class":"","_genesis_layout":""},"product_cat":[85,136],"product_tag":[],"yoast_head":"<!-- This site is optimized with the Yoast SEO plugin v19.6.1 - https:\/\/yoast.com\/wordpress\/plugins\/seo\/ -->\n<title>Sof\u00e1 individual M\u00e1ximo - Casa Nu\u00f1ez Jard\u00edn<\/title>\n<meta name=\"robots\" content=\"index, follow, max-snippet:-1, max-image-preview:large, max-video-preview:-1\" \/>\n<link rel=\"canonical\" href=\"https:\/\/www.casanunez.com.ar\/catalogo\/producto\/sofa-individual-maximo\/\" \/>\n<meta property=\"og:locale\" content=\"es_ES\" \/>\n<meta property=\"og:type\" content=\"article\" \/>\n<meta property=\"og:title\" content=\"Sof\u00e1 individual M\u00e1ximo - Casa Nu\u00f1ez Jard\u00edn\" \/>\n<meta property=\"og:description\" content=\"SOFAS\u00a0NARDI\u00aeDise\u00f1ado para la vida al aire libre, este sof\u00e1 modular est\u00e1 fabricado en resina con fibra de vidrio y cuenta con tratamiento anti-UV que conserva sus tonos con el paso del tiempo. Su estructura est\u00e1 pensada para resistir todos los agentes externos, al igual que su tapicer\u00eda en tela Sunbrella\u00ae, ideal para uso en exteriores [&hellip;]\" \/>\n<meta property=\"og:url\" content=\"https:\/\/www.casanunez.com.ar\/catalogo\/producto\/sofa-individual-maximo\/\" \/>\n<meta property=\"og:site_name\" content=\"Casa Nu\u00f1ez Jard\u00edn\" \/>\n<meta property=\"article:modified_time\" content=\"2025-10-08T13:57:51+00:00\" \/>\n<meta property=\"og:image\" content=\"https:\/\/www.casanunez.com.ar\/catalogo\/wp-content\/uploads\/2025\/08\/maximo_poltr_BASlava-scaled.jpg\" \/>\n\t<meta property=\"og:image:width\" content=\"2560\" \/>\n\t<meta property=\"og:image:height\" content=\"1920\" \/>\n\t<meta property=\"og:image:type\" content=\"image\/jpeg\" \/>\n<meta name=\"twitter:card\" content=\"summary_large_image\" \/>\n<meta name=\"twitter:label1\" content=\"Tiempo de lectura\" \/>\n\t<meta name=\"twitter:data1\" content=\"1 minuto\" \/>\n<script type=\"application\/ld+json\" class=\"yoast-schema-graph\">{\"@context\":\"https:\/\/schema.org\",\"@graph\":[{\"@type\":\"WebPage\",\"@id\":\"https:\/\/www.casanunez.com.ar\/catalogo\/producto\/sofa-individual-maximo\/\",\"url\":\"https:\/\/www.casanunez.com.ar\/catalogo\/producto\/sofa-individual-maximo\/\",\"name\":\"Sof\u00e1 individual M\u00e1ximo - Casa Nu\u00f1ez Jard\u00edn\",\"isPartOf\":{\"@id\":\"https:\/\/www.casanunez.com.ar\/catalogo\/#website\"},\"datePublished\":\"2025-08-12T20:57:56+00:00\",\"dateModified\":\"2025-10-08T13:57:51+00:00\",\"breadcrumb\":{\"@id\":\"https:\/\/www.casanunez.com.ar\/catalogo\/producto\/sofa-individual-maximo\/#breadcrumb\"},\"inLanguage\":\"es\",\"potentialAction\":[{\"@type\":\"ReadAction\",\"target\":[\"https:\/\/www.casanunez.com.ar\/catalogo\/producto\/sofa-individual-maximo\/\"]}]},{\"@type\":\"BreadcrumbList\",\"@id\":\"https:\/\/www.casanunez.com.ar\/catalogo\/producto\/sofa-individual-maximo\/#breadcrumb\",\"itemListElement\":[{\"@type\":\"ListItem\",\"position\":1,\"name\":\"Portada\",\"item\":\"https:\/\/www.casanunez.com.ar\/catalogo\/\"},{\"@type\":\"ListItem\",\"position\":2,\"name\":\"Cat\u00e1logo\",\"item\":\"https:\/\/www.casanunez.com.ar\/catalogo\/\"},{\"@type\":\"ListItem\",\"position\":3,\"name\":\"Sof\u00e1 individual M\u00e1ximo\"}]},{\"@type\":\"WebSite\",\"@id\":\"https:\/\/www.casanunez.com.ar\/catalogo\/#website\",\"url\":\"https:\/\/www.casanunez.com.ar\/catalogo\/\",\"name\":\"Casa Nu\u00f1ez Jard\u00edn\",\"description\":\"\",\"publisher\":{\"@id\":\"https:\/\/www.casanunez.com.ar\/catalogo\/#organization\"},\"potentialAction\":[{\"@type\":\"SearchAction\",\"target\":{\"@type\":\"EntryPoint\",\"urlTemplate\":\"https:\/\/www.casanunez.com.ar\/catalogo\/?s={search_term_string}\"},\"query-input\":\"required name=search_term_string\"}],\"inLanguage\":\"es\"},{\"@type\":\"Organization\",\"@id\":\"https:\/\/www.casanunez.com.ar\/catalogo\/#organization\",\"name\":\"Casa Nu\u00f1ez Jard\u00edn\",\"url\":\"https:\/\/www.casanunez.com.ar\/catalogo\/\",\"sameAs\":[],\"logo\":{\"@type\":\"ImageObject\",\"inLanguage\":\"es\",\"@id\":\"https:\/\/www.casanunez.com.ar\/catalogo\/#\/schema\/logo\/image\/\",\"url\":\"https:\/\/www.casanunez.com.ar\/catalogo\/wp-content\/uploads\/2025\/07\/cropped-CN-LOGO-SIN-FONDO-MINI.png\",\"contentUrl\":\"https:\/\/www.casanunez.com.ar\/catalogo\/wp-content\/uploads\/2025\/07\/cropped-CN-LOGO-SIN-FONDO-MINI.png\",\"width\":464,\"height\":177,\"caption\":\"Casa Nu\u00f1ez Jard\u00edn\"},\"image\":{\"@id\":\"https:\/\/www.casanunez.com.ar\/catalogo\/#\/schema\/logo\/image\/\"}}]}<\/script>\n<!-- \/ Yoast SEO plugin. -->","yoast_head_json":{"title":"Sof\u00e1 individual M\u00e1ximo - Casa Nu\u00f1ez Jard\u00edn","robots":{"index":"index","follow":"follow","max-snippet":"max-snippet:-1","max-image-preview":"max-image-preview:large","max-video-preview":"max-video-preview:-1"},"canonical":"https:\/\/www.casanunez.com.ar\/catalogo\/producto\/sofa-individual-maximo\/","og_locale":"es_ES","og_type":"article","og_title":"Sof\u00e1 individual M\u00e1ximo - Casa Nu\u00f1ez Jard\u00edn","og_description":"SOFAS\u00a0NARDI\u00aeDise\u00f1ado para la vida al aire libre, este sof\u00e1 modular est\u00e1 fabricado en resina con fibra de vidrio y cuenta con tratamiento anti-UV que conserva sus tonos con el paso del tiempo. Su estructura est\u00e1 pensada para resistir todos los agentes externos, al igual que su tapicer\u00eda en tela Sunbrella\u00ae, ideal para uso en exteriores [&hellip;]","og_url":"https:\/\/www.casanunez.com.ar\/catalogo\/producto\/sofa-individual-maximo\/","og_site_name":"Casa Nu\u00f1ez Jard\u00edn","article_modified_time":"2025-10-08T13:57:51+00:00","og_image":[{"width":2560,"height":1920,"url":"https:\/\/www.casanunez.com.ar\/catalogo\/wp-content\/uploads\/2025\/08\/maximo_poltr_BASlava-scaled.jpg","type":"image\/jpeg"}],"twitter_card":"summary_large_image","twitter_misc":{"Tiempo de lectura":"1 minuto"},"schema":{"@context":"https:\/\/schema.org","@graph":[{"@type":"WebPage","@id":"https:\/\/www.casanunez.com.ar\/catalogo\/producto\/sofa-individual-maximo\/","url":"https:\/\/www.casanunez.com.ar\/catalogo\/producto\/sofa-individual-maximo\/","name":"Sof\u00e1 individual M\u00e1ximo - Casa Nu\u00f1ez Jard\u00edn","isPartOf":{"@id":"https:\/\/www.casanunez.com.ar\/catalogo\/#website"},"datePublished":"2025-08-12T20:57:56+00:00","dateModified":"2025-10-08T13:57:51+00:00","breadcrumb":{"@id":"https:\/\/www.casanunez.com.ar\/catalogo\/producto\/sofa-individual-maximo\/#breadcrumb"},"inLanguage":"es","potentialAction":[{"@type":"ReadAction","target":["https:\/\/www.casanunez.com.ar\/catalogo\/producto\/sofa-individual-maximo\/"]}]},{"@type":"BreadcrumbList","@id":"https:\/\/www.casanunez.com.ar\/catalogo\/producto\/sofa-individual-maximo\/#breadcrumb","itemListElement":[{"@type":"ListItem","position":1,"name":"Portada","item":"https:\/\/www.casanunez.com.ar\/catalogo\/"},{"@type":"ListItem","position":2,"name":"Cat\u00e1logo","item":"https:\/\/www.casanunez.com.ar\/catalogo\/"},{"@type":"ListItem","position":3,"name":"Sof\u00e1 individual M\u00e1ximo"}]},{"@type":"WebSite","@id":"https:\/\/www.casanunez.com.ar\/catalogo\/#website","url":"https:\/\/www.casanunez.com.ar\/catalogo\/","name":"Casa Nu\u00f1ez Jard\u00edn","description":"","publisher":{"@id":"https:\/\/www.casanunez.com.ar\/catalogo\/#organization"},"potentialAction":[{"@type":"SearchAction","target":{"@type":"EntryPoint","urlTemplate":"https:\/\/www.casanunez.com.ar\/catalogo\/?s={search_term_string}"},"query-input":"required name=search_term_string"}],"inLanguage":"es"},{"@type":"Organization","@id":"https:\/\/www.casanunez.com.ar\/catalogo\/#organization","name":"Casa Nu\u00f1ez Jard\u00edn","url":"https:\/\/www.casanunez.com.ar\/catalogo\/","sameAs":[],"logo":{"@type":"ImageObject","inLanguage":"es","@id":"https:\/\/www.casanunez.com.ar\/catalogo\/#\/schema\/logo\/image\/","url":"https:\/\/www.casanunez.com.ar\/catalogo\/wp-content\/uploads\/2025\/07\/cropped-CN-LOGO-SIN-FONDO-MINI.png","contentUrl":"https:\/\/www.casanunez.com.ar\/catalogo\/wp-content\/uploads\/2025\/07\/cropped-CN-LOGO-SIN-FONDO-MINI.png","width":464,"height":177,"caption":"Casa Nu\u00f1ez Jard\u00edn"},"image":{"@id":"https:\/\/www.casanunez.com.ar\/catalogo\/#\/schema\/logo\/image\/"}}]}},"_links":{"self":[{"href":"https:\/\/www.casanunez.com.ar\/catalogo\/wp-json\/wp\/v2\/product\/10177"}],"collection":[{"href":"https:\/\/www.casanunez.com.ar\/catalogo\/wp-json\/wp\/v2\/product"}],"about":[{"href":"https:\/\/www.casanunez.com.ar\/catalogo\/wp-json\/wp\/v2\/types\/product"}],"wp:featuredmedia":[{"embeddable":true,"href":"https:\/\/www.casanunez.com.ar\/catalogo\/wp-json\/wp\/v2\/media\/10180"}],"wp:attachment":[{"href":"https:\/\/www.casanunez.com.ar\/catalogo\/wp-json\/wp\/v2\/media?parent=10177"}],"wp:term":[{"taxonomy":"product_cat","embeddable":true,"href":"https:\/\/www.casanunez.com.ar\/catalogo\/wp-json\/wp\/v2\/product_cat?post=10177"},{"taxonomy":"product_tag","embeddable":true,"href":"https:\/\/www.casanunez.com.ar\/catalogo\/wp-json\/wp\/v2\/product_tag?post=10177"}],"curies":[{"name":"wp","href":"https:\/\/api.w.org\/{rel}","templated":true}]}}