{"id":10336,"date":"2025-10-28T12:33:36","date_gmt":"2025-10-28T15:33:36","guid":{"rendered":"https:\/\/www.casanunez.com.ar\/catalogo\/?post_type=product&#038;p=10336"},"modified":"2026-01-02T14:37:39","modified_gmt":"2026-01-02T17:37:39","slug":"sipario-3","status":"publish","type":"product","link":"https:\/\/www.casanunez.com.ar\/catalogo\/producto\/sipario-3\/","title":{"rendered":"Sipario 3"},"content":{"rendered":"<p>Panel modular autoportante de exterior, configurable a placer, ideal para dividir espacios al aire libre. Compuesto por 3 elementos enrejados f\u00e1ciles de enganchar entre s\u00ed, sin utilizar tornillos y una maceta de autorriego para plantas. Los m\u00f3dulos pueden apilarse verticalmente a una altura m\u00e1xima de 3 elementos. Para garantizar la estabilidad del producto, la maceta debe llenarse hasta obtener un lastre de al menos 30 kg. Material: polipropileno fiberglass regenerado tratado anti-UV y te\u00f1ido en masa.<\/p>\n<p>Medida:<\/p>\n<p>Alto: 2,11<\/p>\n<p>Ancho: 70,5<\/p>\n<p>Profundidad: 35<\/p>\n<p>Peso: 19,1.<\/p>\n","protected":false},"excerpt":{"rendered":"<p>Panel modular autoportante de exterior, configurable a placer, ideal para dividir espacios al aire libre. Compuesto por 3 elementos enrejados f\u00e1ciles de enganchar entre s\u00ed, sin utilizar tornillos y una maceta de autorriego para plantas. Los m\u00f3dulos pueden apilarse verticalmente a una altura m\u00e1xima de 3 elementos. Para garantizar la estabilidad del producto, la maceta [&hellip;]<\/p>\n","protected":false},"featured_media":10389,"template":"","meta":{"_genesis_hide_title":false,"_genesis_hide_breadcrumbs":false,"_genesis_hide_singular_image":false,"_genesis_hide_footer_widgets":false,"_genesis_custom_body_class":"","_genesis_custom_post_class":"","_genesis_layout":""},"product_cat":[85],"product_tag":[],"yoast_head":"<!-- This site is optimized with the Yoast SEO plugin v19.6.1 - https:\/\/yoast.com\/wordpress\/plugins\/seo\/ -->\n<title>Sipario 3 - Casa Nu\u00f1ez Jard\u00edn<\/title>\n<meta name=\"robots\" content=\"index, follow, max-snippet:-1, max-image-preview:large, max-video-preview:-1\" \/>\n<link rel=\"canonical\" href=\"https:\/\/www.casanunez.com.ar\/catalogo\/producto\/sipario-3\/\" \/>\n<meta property=\"og:locale\" content=\"es_ES\" \/>\n<meta property=\"og:type\" content=\"article\" \/>\n<meta property=\"og:title\" content=\"Sipario 3 - Casa Nu\u00f1ez Jard\u00edn\" \/>\n<meta property=\"og:description\" content=\"Panel modular autoportante de exterior, configurable a placer, ideal para dividir espacios al aire libre. Compuesto por 3 elementos enrejados f\u00e1ciles de enganchar entre s\u00ed, sin utilizar tornillos y una maceta de autorriego para plantas. Los m\u00f3dulos pueden apilarse verticalmente a una altura m\u00e1xima de 3 elementos. Para garantizar la estabilidad del producto, la maceta [&hellip;]\" \/>\n<meta property=\"og:url\" content=\"https:\/\/www.casanunez.com.ar\/catalogo\/producto\/sipario-3\/\" \/>\n<meta property=\"og:site_name\" content=\"Casa Nu\u00f1ez Jard\u00edn\" \/>\n<meta property=\"article:modified_time\" content=\"2026-01-02T17:37:39+00:00\" \/>\n<meta property=\"og:image\" content=\"https:\/\/www.casanunez.com.ar\/catalogo\/wp-content\/uploads\/2025\/10\/IMG_1824.jpeg\" \/>\n\t<meta property=\"og:image:width\" content=\"1964\" \/>\n\t<meta property=\"og:image:height\" content=\"1309\" \/>\n\t<meta property=\"og:image:type\" content=\"image\/jpeg\" \/>\n<meta name=\"twitter:card\" content=\"summary_large_image\" \/>\n<meta name=\"twitter:label1\" content=\"Tiempo de lectura\" \/>\n\t<meta name=\"twitter:data1\" content=\"1 minuto\" \/>\n<script type=\"application\/ld+json\" class=\"yoast-schema-graph\">{\"@context\":\"https:\/\/schema.org\",\"@graph\":[{\"@type\":\"WebPage\",\"@id\":\"https:\/\/www.casanunez.com.ar\/catalogo\/producto\/sipario-3\/\",\"url\":\"https:\/\/www.casanunez.com.ar\/catalogo\/producto\/sipario-3\/\",\"name\":\"Sipario 3 - Casa Nu\u00f1ez Jard\u00edn\",\"isPartOf\":{\"@id\":\"https:\/\/www.casanunez.com.ar\/catalogo\/#website\"},\"datePublished\":\"2025-10-28T15:33:36+00:00\",\"dateModified\":\"2026-01-02T17:37:39+00:00\",\"breadcrumb\":{\"@id\":\"https:\/\/www.casanunez.com.ar\/catalogo\/producto\/sipario-3\/#breadcrumb\"},\"inLanguage\":\"es\",\"potentialAction\":[{\"@type\":\"ReadAction\",\"target\":[\"https:\/\/www.casanunez.com.ar\/catalogo\/producto\/sipario-3\/\"]}]},{\"@type\":\"BreadcrumbList\",\"@id\":\"https:\/\/www.casanunez.com.ar\/catalogo\/producto\/sipario-3\/#breadcrumb\",\"itemListElement\":[{\"@type\":\"ListItem\",\"position\":1,\"name\":\"Portada\",\"item\":\"https:\/\/www.casanunez.com.ar\/catalogo\/\"},{\"@type\":\"ListItem\",\"position\":2,\"name\":\"Cat\u00e1logo\",\"item\":\"https:\/\/www.casanunez.com.ar\/catalogo\/\"},{\"@type\":\"ListItem\",\"position\":3,\"name\":\"Sipario 3\"}]},{\"@type\":\"WebSite\",\"@id\":\"https:\/\/www.casanunez.com.ar\/catalogo\/#website\",\"url\":\"https:\/\/www.casanunez.com.ar\/catalogo\/\",\"name\":\"Casa Nu\u00f1ez Jard\u00edn\",\"description\":\"\",\"publisher\":{\"@id\":\"https:\/\/www.casanunez.com.ar\/catalogo\/#organization\"},\"potentialAction\":[{\"@type\":\"SearchAction\",\"target\":{\"@type\":\"EntryPoint\",\"urlTemplate\":\"https:\/\/www.casanunez.com.ar\/catalogo\/?s={search_term_string}\"},\"query-input\":\"required name=search_term_string\"}],\"inLanguage\":\"es\"},{\"@type\":\"Organization\",\"@id\":\"https:\/\/www.casanunez.com.ar\/catalogo\/#organization\",\"name\":\"Casa Nu\u00f1ez Jard\u00edn\",\"url\":\"https:\/\/www.casanunez.com.ar\/catalogo\/\",\"sameAs\":[],\"logo\":{\"@type\":\"ImageObject\",\"inLanguage\":\"es\",\"@id\":\"https:\/\/www.casanunez.com.ar\/catalogo\/#\/schema\/logo\/image\/\",\"url\":\"https:\/\/www.casanunez.com.ar\/catalogo\/wp-content\/uploads\/2025\/07\/cropped-CN-LOGO-SIN-FONDO-MINI.png\",\"contentUrl\":\"https:\/\/www.casanunez.com.ar\/catalogo\/wp-content\/uploads\/2025\/07\/cropped-CN-LOGO-SIN-FONDO-MINI.png\",\"width\":464,\"height\":177,\"caption\":\"Casa Nu\u00f1ez Jard\u00edn\"},\"image\":{\"@id\":\"https:\/\/www.casanunez.com.ar\/catalogo\/#\/schema\/logo\/image\/\"}}]}<\/script>\n<!-- \/ Yoast SEO plugin. -->","yoast_head_json":{"title":"Sipario 3 - Casa Nu\u00f1ez Jard\u00edn","robots":{"index":"index","follow":"follow","max-snippet":"max-snippet:-1","max-image-preview":"max-image-preview:large","max-video-preview":"max-video-preview:-1"},"canonical":"https:\/\/www.casanunez.com.ar\/catalogo\/producto\/sipario-3\/","og_locale":"es_ES","og_type":"article","og_title":"Sipario 3 - Casa Nu\u00f1ez Jard\u00edn","og_description":"Panel modular autoportante de exterior, configurable a placer, ideal para dividir espacios al aire libre. Compuesto por 3 elementos enrejados f\u00e1ciles de enganchar entre s\u00ed, sin utilizar tornillos y una maceta de autorriego para plantas. Los m\u00f3dulos pueden apilarse verticalmente a una altura m\u00e1xima de 3 elementos. Para garantizar la estabilidad del producto, la maceta [&hellip;]","og_url":"https:\/\/www.casanunez.com.ar\/catalogo\/producto\/sipario-3\/","og_site_name":"Casa Nu\u00f1ez Jard\u00edn","article_modified_time":"2026-01-02T17:37:39+00:00","og_image":[{"width":1964,"height":1309,"url":"https:\/\/www.casanunez.com.ar\/catalogo\/wp-content\/uploads\/2025\/10\/IMG_1824.jpeg","type":"image\/jpeg"}],"twitter_card":"summary_large_image","twitter_misc":{"Tiempo de lectura":"1 minuto"},"schema":{"@context":"https:\/\/schema.org","@graph":[{"@type":"WebPage","@id":"https:\/\/www.casanunez.com.ar\/catalogo\/producto\/sipario-3\/","url":"https:\/\/www.casanunez.com.ar\/catalogo\/producto\/sipario-3\/","name":"Sipario 3 - Casa Nu\u00f1ez Jard\u00edn","isPartOf":{"@id":"https:\/\/www.casanunez.com.ar\/catalogo\/#website"},"datePublished":"2025-10-28T15:33:36+00:00","dateModified":"2026-01-02T17:37:39+00:00","breadcrumb":{"@id":"https:\/\/www.casanunez.com.ar\/catalogo\/producto\/sipario-3\/#breadcrumb"},"inLanguage":"es","potentialAction":[{"@type":"ReadAction","target":["https:\/\/www.casanunez.com.ar\/catalogo\/producto\/sipario-3\/"]}]},{"@type":"BreadcrumbList","@id":"https:\/\/www.casanunez.com.ar\/catalogo\/producto\/sipario-3\/#breadcrumb","itemListElement":[{"@type":"ListItem","position":1,"name":"Portada","item":"https:\/\/www.casanunez.com.ar\/catalogo\/"},{"@type":"ListItem","position":2,"name":"Cat\u00e1logo","item":"https:\/\/www.casanunez.com.ar\/catalogo\/"},{"@type":"ListItem","position":3,"name":"Sipario 3"}]},{"@type":"WebSite","@id":"https:\/\/www.casanunez.com.ar\/catalogo\/#website","url":"https:\/\/www.casanunez.com.ar\/catalogo\/","name":"Casa Nu\u00f1ez Jard\u00edn","description":"","publisher":{"@id":"https:\/\/www.casanunez.com.ar\/catalogo\/#organization"},"potentialAction":[{"@type":"SearchAction","target":{"@type":"EntryPoint","urlTemplate":"https:\/\/www.casanunez.com.ar\/catalogo\/?s={search_term_string}"},"query-input":"required name=search_term_string"}],"inLanguage":"es"},{"@type":"Organization","@id":"https:\/\/www.casanunez.com.ar\/catalogo\/#organization","name":"Casa Nu\u00f1ez Jard\u00edn","url":"https:\/\/www.casanunez.com.ar\/catalogo\/","sameAs":[],"logo":{"@type":"ImageObject","inLanguage":"es","@id":"https:\/\/www.casanunez.com.ar\/catalogo\/#\/schema\/logo\/image\/","url":"https:\/\/www.casanunez.com.ar\/catalogo\/wp-content\/uploads\/2025\/07\/cropped-CN-LOGO-SIN-FONDO-MINI.png","contentUrl":"https:\/\/www.casanunez.com.ar\/catalogo\/wp-content\/uploads\/2025\/07\/cropped-CN-LOGO-SIN-FONDO-MINI.png","width":464,"height":177,"caption":"Casa Nu\u00f1ez Jard\u00edn"},"image":{"@id":"https:\/\/www.casanunez.com.ar\/catalogo\/#\/schema\/logo\/image\/"}}]}},"_links":{"self":[{"href":"https:\/\/www.casanunez.com.ar\/catalogo\/wp-json\/wp\/v2\/product\/10336"}],"collection":[{"href":"https:\/\/www.casanunez.com.ar\/catalogo\/wp-json\/wp\/v2\/product"}],"about":[{"href":"https:\/\/www.casanunez.com.ar\/catalogo\/wp-json\/wp\/v2\/types\/product"}],"wp:featuredmedia":[{"embeddable":true,"href":"https:\/\/www.casanunez.com.ar\/catalogo\/wp-json\/wp\/v2\/media\/10389"}],"wp:attachment":[{"href":"https:\/\/www.casanunez.com.ar\/catalogo\/wp-json\/wp\/v2\/media?parent=10336"}],"wp:term":[{"taxonomy":"product_cat","embeddable":true,"href":"https:\/\/www.casanunez.com.ar\/catalogo\/wp-json\/wp\/v2\/product_cat?post=10336"},{"taxonomy":"product_tag","embeddable":true,"href":"https:\/\/www.casanunez.com.ar\/catalogo\/wp-json\/wp\/v2\/product_tag?post=10336"}],"curies":[{"name":"wp","href":"https:\/\/api.w.org\/{rel}","templated":true}]}}