{"id":1344,"date":"2019-08-29T12:14:50","date_gmt":"2019-08-29T15:14:50","guid":{"rendered":"https:\/\/www.prowebsrl.com\/wp07\/catalogo\/?post_type=product&#038;p=1344"},"modified":"2024-09-04T18:13:21","modified_gmt":"2024-09-04T21:13:21","slug":"columpio-2-cuerpos","status":"publish","type":"product","link":"https:\/\/www.casanunez.com.ar\/catalogo\/producto\/columpio-2-cuerpos\/","title":{"rendered":"Columpio Rain"},"content":{"rendered":"<h6>Caracter\u00edsticas: Columpio Rain<br \/>\n&#8211; Estructura de aluminio con tratamiento de pintura epoxi secado a altas temperaturas para su mayor durabilidad a la intemperie<br \/>\n&#8211; Dos Cuerpos y Tres Cuerpos<br \/>\n&#8211; Bandeja Lateral de apoyo rebatibles<br \/>\n&#8211; Tapicer\u00eda confeccionada en telas acr\u00edlicas resistentes a la intemperie<br \/>\n&#8211; Techo confeccionada en poli\u00e9ster acr\u00edlico<br \/>\n&#8211; (SOLO COLOR BLANCO)<br \/>\nMedidas: 1,20 profundidad x 1.46 largo x 1,75 altura mts.<\/h6>\n","protected":false},"excerpt":{"rendered":"<p>Caracter\u00edsticas: Columpio Rain &#8211; Estructura de aluminio con tratamiento de pintura epoxi secado a altas temperaturas para su mayor durabilidad a la intemperie &#8211; Dos Cuerpos y Tres Cuerpos &#8211; Bandeja Lateral de apoyo rebatibles &#8211; Tapicer\u00eda confeccionada en telas acr\u00edlicas resistentes a la intemperie &#8211; Techo confeccionada en poli\u00e9ster acr\u00edlico &#8211; (SOLO COLOR BLANCO) [&hellip;]<\/p>\n","protected":false},"featured_media":1343,"template":"","meta":{"_genesis_hide_title":false,"_genesis_hide_breadcrumbs":false,"_genesis_hide_singular_image":false,"_genesis_hide_footer_widgets":false,"_genesis_custom_body_class":"","_genesis_custom_post_class":"","_genesis_layout":"full-width-content"},"product_cat":[19,122],"product_tag":[],"yoast_head":"<!-- This site is optimized with the Yoast SEO plugin v19.6.1 - https:\/\/yoast.com\/wordpress\/plugins\/seo\/ -->\n<title>Columpio Rain - Casa Nu\u00f1ez Jard\u00edn<\/title>\n<meta name=\"robots\" content=\"index, follow, max-snippet:-1, max-image-preview:large, max-video-preview:-1\" \/>\n<link rel=\"canonical\" href=\"https:\/\/www.casanunez.com.ar\/catalogo\/producto\/columpio-2-cuerpos\/\" \/>\n<meta property=\"og:locale\" content=\"es_ES\" \/>\n<meta property=\"og:type\" content=\"article\" \/>\n<meta property=\"og:title\" content=\"Columpio Rain - Casa Nu\u00f1ez Jard\u00edn\" \/>\n<meta property=\"og:description\" content=\"Caracter\u00edsticas: Columpio Rain &#8211; Estructura de aluminio con tratamiento de pintura epoxi secado a altas temperaturas para su mayor durabilidad a la intemperie &#8211; Dos Cuerpos y Tres Cuerpos &#8211; Bandeja Lateral de apoyo rebatibles &#8211; Tapicer\u00eda confeccionada en telas acr\u00edlicas resistentes a la intemperie &#8211; Techo confeccionada en poli\u00e9ster acr\u00edlico &#8211; (SOLO COLOR BLANCO) [&hellip;]\" \/>\n<meta property=\"og:url\" content=\"https:\/\/www.casanunez.com.ar\/catalogo\/producto\/columpio-2-cuerpos\/\" \/>\n<meta property=\"og:site_name\" content=\"Casa Nu\u00f1ez Jard\u00edn\" \/>\n<meta property=\"article:modified_time\" content=\"2024-09-04T21:13:21+00:00\" \/>\n<meta property=\"og:image\" content=\"https:\/\/www.casanunez.com.ar\/catalogo\/wp-content\/uploads\/2019\/08\/Captura-de-pantalla-21.png\" \/>\n\t<meta property=\"og:image:width\" content=\"851\" \/>\n\t<meta property=\"og:image:height\" content=\"558\" \/>\n\t<meta property=\"og:image:type\" content=\"image\/png\" \/>\n<meta name=\"twitter:card\" content=\"summary_large_image\" \/>\n<meta name=\"twitter:label1\" content=\"Tiempo de lectura\" \/>\n\t<meta name=\"twitter:data1\" content=\"1 minuto\" \/>\n<script type=\"application\/ld+json\" class=\"yoast-schema-graph\">{\"@context\":\"https:\/\/schema.org\",\"@graph\":[{\"@type\":\"WebPage\",\"@id\":\"https:\/\/www.casanunez.com.ar\/catalogo\/producto\/columpio-2-cuerpos\/\",\"url\":\"https:\/\/www.casanunez.com.ar\/catalogo\/producto\/columpio-2-cuerpos\/\",\"name\":\"Columpio Rain - Casa Nu\u00f1ez Jard\u00edn\",\"isPartOf\":{\"@id\":\"https:\/\/www.casanunez.com.ar\/catalogo\/#website\"},\"datePublished\":\"2019-08-29T15:14:50+00:00\",\"dateModified\":\"2024-09-04T21:13:21+00:00\",\"breadcrumb\":{\"@id\":\"https:\/\/www.casanunez.com.ar\/catalogo\/producto\/columpio-2-cuerpos\/#breadcrumb\"},\"inLanguage\":\"es\",\"potentialAction\":[{\"@type\":\"ReadAction\",\"target\":[\"https:\/\/www.casanunez.com.ar\/catalogo\/producto\/columpio-2-cuerpos\/\"]}]},{\"@type\":\"BreadcrumbList\",\"@id\":\"https:\/\/www.casanunez.com.ar\/catalogo\/producto\/columpio-2-cuerpos\/#breadcrumb\",\"itemListElement\":[{\"@type\":\"ListItem\",\"position\":1,\"name\":\"Portada\",\"item\":\"https:\/\/www.casanunez.com.ar\/catalogo\/\"},{\"@type\":\"ListItem\",\"position\":2,\"name\":\"Cat\u00e1logo\",\"item\":\"https:\/\/www.casanunez.com.ar\/catalogo\/\"},{\"@type\":\"ListItem\",\"position\":3,\"name\":\"Columpio Rain\"}]},{\"@type\":\"WebSite\",\"@id\":\"https:\/\/www.casanunez.com.ar\/catalogo\/#website\",\"url\":\"https:\/\/www.casanunez.com.ar\/catalogo\/\",\"name\":\"Casa Nu\u00f1ez Jard\u00edn\",\"description\":\"\",\"publisher\":{\"@id\":\"https:\/\/www.casanunez.com.ar\/catalogo\/#organization\"},\"potentialAction\":[{\"@type\":\"SearchAction\",\"target\":{\"@type\":\"EntryPoint\",\"urlTemplate\":\"https:\/\/www.casanunez.com.ar\/catalogo\/?s={search_term_string}\"},\"query-input\":\"required name=search_term_string\"}],\"inLanguage\":\"es\"},{\"@type\":\"Organization\",\"@id\":\"https:\/\/www.casanunez.com.ar\/catalogo\/#organization\",\"name\":\"Casa Nu\u00f1ez Jard\u00edn\",\"url\":\"https:\/\/www.casanunez.com.ar\/catalogo\/\",\"sameAs\":[],\"logo\":{\"@type\":\"ImageObject\",\"inLanguage\":\"es\",\"@id\":\"https:\/\/www.casanunez.com.ar\/catalogo\/#\/schema\/logo\/image\/\",\"url\":\"https:\/\/www.casanunez.com.ar\/catalogo\/wp-content\/uploads\/2025\/07\/cropped-CN-LOGO-SIN-FONDO-MINI.png\",\"contentUrl\":\"https:\/\/www.casanunez.com.ar\/catalogo\/wp-content\/uploads\/2025\/07\/cropped-CN-LOGO-SIN-FONDO-MINI.png\",\"width\":464,\"height\":177,\"caption\":\"Casa Nu\u00f1ez Jard\u00edn\"},\"image\":{\"@id\":\"https:\/\/www.casanunez.com.ar\/catalogo\/#\/schema\/logo\/image\/\"}}]}<\/script>\n<!-- \/ Yoast SEO plugin. -->","yoast_head_json":{"title":"Columpio Rain - Casa Nu\u00f1ez Jard\u00edn","robots":{"index":"index","follow":"follow","max-snippet":"max-snippet:-1","max-image-preview":"max-image-preview:large","max-video-preview":"max-video-preview:-1"},"canonical":"https:\/\/www.casanunez.com.ar\/catalogo\/producto\/columpio-2-cuerpos\/","og_locale":"es_ES","og_type":"article","og_title":"Columpio Rain - Casa Nu\u00f1ez Jard\u00edn","og_description":"Caracter\u00edsticas: Columpio Rain &#8211; Estructura de aluminio con tratamiento de pintura epoxi secado a altas temperaturas para su mayor durabilidad a la intemperie &#8211; Dos Cuerpos y Tres Cuerpos &#8211; Bandeja Lateral de apoyo rebatibles &#8211; Tapicer\u00eda confeccionada en telas acr\u00edlicas resistentes a la intemperie &#8211; Techo confeccionada en poli\u00e9ster acr\u00edlico &#8211; (SOLO COLOR BLANCO) [&hellip;]","og_url":"https:\/\/www.casanunez.com.ar\/catalogo\/producto\/columpio-2-cuerpos\/","og_site_name":"Casa Nu\u00f1ez Jard\u00edn","article_modified_time":"2024-09-04T21:13:21+00:00","og_image":[{"width":851,"height":558,"url":"https:\/\/www.casanunez.com.ar\/catalogo\/wp-content\/uploads\/2019\/08\/Captura-de-pantalla-21.png","type":"image\/png"}],"twitter_card":"summary_large_image","twitter_misc":{"Tiempo de lectura":"1 minuto"},"schema":{"@context":"https:\/\/schema.org","@graph":[{"@type":"WebPage","@id":"https:\/\/www.casanunez.com.ar\/catalogo\/producto\/columpio-2-cuerpos\/","url":"https:\/\/www.casanunez.com.ar\/catalogo\/producto\/columpio-2-cuerpos\/","name":"Columpio Rain - Casa Nu\u00f1ez Jard\u00edn","isPartOf":{"@id":"https:\/\/www.casanunez.com.ar\/catalogo\/#website"},"datePublished":"2019-08-29T15:14:50+00:00","dateModified":"2024-09-04T21:13:21+00:00","breadcrumb":{"@id":"https:\/\/www.casanunez.com.ar\/catalogo\/producto\/columpio-2-cuerpos\/#breadcrumb"},"inLanguage":"es","potentialAction":[{"@type":"ReadAction","target":["https:\/\/www.casanunez.com.ar\/catalogo\/producto\/columpio-2-cuerpos\/"]}]},{"@type":"BreadcrumbList","@id":"https:\/\/www.casanunez.com.ar\/catalogo\/producto\/columpio-2-cuerpos\/#breadcrumb","itemListElement":[{"@type":"ListItem","position":1,"name":"Portada","item":"https:\/\/www.casanunez.com.ar\/catalogo\/"},{"@type":"ListItem","position":2,"name":"Cat\u00e1logo","item":"https:\/\/www.casanunez.com.ar\/catalogo\/"},{"@type":"ListItem","position":3,"name":"Columpio Rain"}]},{"@type":"WebSite","@id":"https:\/\/www.casanunez.com.ar\/catalogo\/#website","url":"https:\/\/www.casanunez.com.ar\/catalogo\/","name":"Casa Nu\u00f1ez Jard\u00edn","description":"","publisher":{"@id":"https:\/\/www.casanunez.com.ar\/catalogo\/#organization"},"potentialAction":[{"@type":"SearchAction","target":{"@type":"EntryPoint","urlTemplate":"https:\/\/www.casanunez.com.ar\/catalogo\/?s={search_term_string}"},"query-input":"required name=search_term_string"}],"inLanguage":"es"},{"@type":"Organization","@id":"https:\/\/www.casanunez.com.ar\/catalogo\/#organization","name":"Casa Nu\u00f1ez Jard\u00edn","url":"https:\/\/www.casanunez.com.ar\/catalogo\/","sameAs":[],"logo":{"@type":"ImageObject","inLanguage":"es","@id":"https:\/\/www.casanunez.com.ar\/catalogo\/#\/schema\/logo\/image\/","url":"https:\/\/www.casanunez.com.ar\/catalogo\/wp-content\/uploads\/2025\/07\/cropped-CN-LOGO-SIN-FONDO-MINI.png","contentUrl":"https:\/\/www.casanunez.com.ar\/catalogo\/wp-content\/uploads\/2025\/07\/cropped-CN-LOGO-SIN-FONDO-MINI.png","width":464,"height":177,"caption":"Casa Nu\u00f1ez Jard\u00edn"},"image":{"@id":"https:\/\/www.casanunez.com.ar\/catalogo\/#\/schema\/logo\/image\/"}}]}},"_links":{"self":[{"href":"https:\/\/www.casanunez.com.ar\/catalogo\/wp-json\/wp\/v2\/product\/1344"}],"collection":[{"href":"https:\/\/www.casanunez.com.ar\/catalogo\/wp-json\/wp\/v2\/product"}],"about":[{"href":"https:\/\/www.casanunez.com.ar\/catalogo\/wp-json\/wp\/v2\/types\/product"}],"wp:featuredmedia":[{"embeddable":true,"href":"https:\/\/www.casanunez.com.ar\/catalogo\/wp-json\/wp\/v2\/media\/1343"}],"wp:attachment":[{"href":"https:\/\/www.casanunez.com.ar\/catalogo\/wp-json\/wp\/v2\/media?parent=1344"}],"wp:term":[{"taxonomy":"product_cat","embeddable":true,"href":"https:\/\/www.casanunez.com.ar\/catalogo\/wp-json\/wp\/v2\/product_cat?post=1344"},{"taxonomy":"product_tag","embeddable":true,"href":"https:\/\/www.casanunez.com.ar\/catalogo\/wp-json\/wp\/v2\/product_tag?post=1344"}],"curies":[{"name":"wp","href":"https:\/\/api.w.org\/{rel}","templated":true}]}}