{"id":384,"date":"2018-12-30T20:20:21","date_gmt":"2018-12-30T23:20:21","guid":{"rendered":"https:\/\/www.prowebsrl.com\/wp07\/catalogo\/?post_type=product&#038;p=384"},"modified":"2021-07-08T13:10:40","modified_gmt":"2021-07-08T16:10:40","slug":"sillon-londain","status":"publish","type":"product","link":"https:\/\/www.casanunez.com.ar\/catalogo\/producto\/sillon-londain\/","title":{"rendered":"Juego Londain"},"content":{"rendered":"<p>Caracter\u00edsticas : Juego Londain<br \/>\n&#8211; Mesa Extensible<br \/>\n&#8211; Estructura de Aluminio extrusado con madera Teca.<br \/>\n&#8211; Superficie en madera Teca<br \/>\nMedidas:<br \/>\nMesa: 0,90 de ancho x 1,35 a 2,70 largo x 0,75 altura mts.<br \/>\nSilla Londain: 0,57  profundidad x 0,57 ancho x 0,87 altura mts.<\/p>\n","protected":false},"excerpt":{"rendered":"<p>Caracter\u00edsticas : Juego Londain &#8211; Mesa Extensible &#8211; Estructura de Aluminio extrusado con madera Teca. &#8211; Superficie en madera Teca Medidas: Mesa: 0,90 de ancho x 1,35 a 2,70 largo x 0,75 altura mts. Silla Londain: 0,57 profundidad x 0,57 ancho x 0,87 altura mts.<\/p>\n","protected":false},"featured_media":385,"template":"","meta":{"_genesis_hide_title":false,"_genesis_hide_breadcrumbs":false,"_genesis_hide_singular_image":false,"_genesis_hide_footer_widgets":false,"_genesis_custom_body_class":"","_genesis_custom_post_class":"","_genesis_layout":"full-width-content"},"product_cat":[105,42,106],"product_tag":[],"yoast_head":"<!-- This site is optimized with the Yoast SEO plugin v19.6.1 - https:\/\/yoast.com\/wordpress\/plugins\/seo\/ -->\n<title>Juego Londain - Casa Nu\u00f1ez Jard\u00edn<\/title>\n<meta name=\"description\" content=\"Sill\u00f3n Londain\" \/>\n<meta name=\"robots\" content=\"index, follow, max-snippet:-1, max-image-preview:large, max-video-preview:-1\" \/>\n<link rel=\"canonical\" href=\"https:\/\/www.casanunez.com.ar\/catalogo\/producto\/sillon-londain\/\" \/>\n<meta property=\"og:locale\" content=\"es_ES\" \/>\n<meta property=\"og:type\" content=\"article\" \/>\n<meta property=\"og:title\" content=\"Juego Londain - Casa Nu\u00f1ez Jard\u00edn\" \/>\n<meta property=\"og:description\" content=\"Sill\u00f3n Londain\" \/>\n<meta property=\"og:url\" content=\"https:\/\/www.casanunez.com.ar\/catalogo\/producto\/sillon-londain\/\" \/>\n<meta property=\"og:site_name\" content=\"Casa Nu\u00f1ez Jard\u00edn\" \/>\n<meta property=\"article:modified_time\" content=\"2021-07-08T16:10:40+00:00\" \/>\n<meta property=\"og:image\" content=\"https:\/\/www.casanunez.com.ar\/catalogo\/wp-content\/uploads\/2018\/12\/Sill\u00f3n-Londain.jpg\" \/>\n\t<meta property=\"og:image:width\" content=\"446\" \/>\n\t<meta property=\"og:image:height\" content=\"446\" \/>\n\t<meta property=\"og:image:type\" content=\"image\/jpeg\" \/>\n<meta name=\"twitter:card\" content=\"summary_large_image\" \/>\n<script type=\"application\/ld+json\" class=\"yoast-schema-graph\">{\"@context\":\"https:\/\/schema.org\",\"@graph\":[{\"@type\":\"WebPage\",\"@id\":\"https:\/\/www.casanunez.com.ar\/catalogo\/producto\/sillon-londain\/\",\"url\":\"https:\/\/www.casanunez.com.ar\/catalogo\/producto\/sillon-londain\/\",\"name\":\"Juego Londain - Casa Nu\u00f1ez Jard\u00edn\",\"isPartOf\":{\"@id\":\"https:\/\/www.casanunez.com.ar\/catalogo\/#website\"},\"datePublished\":\"2018-12-30T23:20:21+00:00\",\"dateModified\":\"2021-07-08T16:10:40+00:00\",\"description\":\"Sill\u00f3n Londain\",\"breadcrumb\":{\"@id\":\"https:\/\/www.casanunez.com.ar\/catalogo\/producto\/sillon-londain\/#breadcrumb\"},\"inLanguage\":\"es\",\"potentialAction\":[{\"@type\":\"ReadAction\",\"target\":[\"https:\/\/www.casanunez.com.ar\/catalogo\/producto\/sillon-londain\/\"]}]},{\"@type\":\"BreadcrumbList\",\"@id\":\"https:\/\/www.casanunez.com.ar\/catalogo\/producto\/sillon-londain\/#breadcrumb\",\"itemListElement\":[{\"@type\":\"ListItem\",\"position\":1,\"name\":\"Portada\",\"item\":\"https:\/\/www.casanunez.com.ar\/catalogo\/\"},{\"@type\":\"ListItem\",\"position\":2,\"name\":\"Cat\u00e1logo\",\"item\":\"https:\/\/www.casanunez.com.ar\/catalogo\/\"},{\"@type\":\"ListItem\",\"position\":3,\"name\":\"Juego Londain\"}]},{\"@type\":\"WebSite\",\"@id\":\"https:\/\/www.casanunez.com.ar\/catalogo\/#website\",\"url\":\"https:\/\/www.casanunez.com.ar\/catalogo\/\",\"name\":\"Casa Nu\u00f1ez Jard\u00edn\",\"description\":\"\",\"publisher\":{\"@id\":\"https:\/\/www.casanunez.com.ar\/catalogo\/#organization\"},\"potentialAction\":[{\"@type\":\"SearchAction\",\"target\":{\"@type\":\"EntryPoint\",\"urlTemplate\":\"https:\/\/www.casanunez.com.ar\/catalogo\/?s={search_term_string}\"},\"query-input\":\"required name=search_term_string\"}],\"inLanguage\":\"es\"},{\"@type\":\"Organization\",\"@id\":\"https:\/\/www.casanunez.com.ar\/catalogo\/#organization\",\"name\":\"Casa Nu\u00f1ez Jard\u00edn\",\"url\":\"https:\/\/www.casanunez.com.ar\/catalogo\/\",\"sameAs\":[],\"logo\":{\"@type\":\"ImageObject\",\"inLanguage\":\"es\",\"@id\":\"https:\/\/www.casanunez.com.ar\/catalogo\/#\/schema\/logo\/image\/\",\"url\":\"https:\/\/www.casanunez.com.ar\/catalogo\/wp-content\/uploads\/2025\/07\/cropped-CN-LOGO-SIN-FONDO-MINI.png\",\"contentUrl\":\"https:\/\/www.casanunez.com.ar\/catalogo\/wp-content\/uploads\/2025\/07\/cropped-CN-LOGO-SIN-FONDO-MINI.png\",\"width\":464,\"height\":177,\"caption\":\"Casa Nu\u00f1ez Jard\u00edn\"},\"image\":{\"@id\":\"https:\/\/www.casanunez.com.ar\/catalogo\/#\/schema\/logo\/image\/\"}}]}<\/script>\n<!-- \/ Yoast SEO plugin. -->","yoast_head_json":{"title":"Juego Londain - Casa Nu\u00f1ez Jard\u00edn","description":"Sill\u00f3n Londain","robots":{"index":"index","follow":"follow","max-snippet":"max-snippet:-1","max-image-preview":"max-image-preview:large","max-video-preview":"max-video-preview:-1"},"canonical":"https:\/\/www.casanunez.com.ar\/catalogo\/producto\/sillon-londain\/","og_locale":"es_ES","og_type":"article","og_title":"Juego Londain - Casa Nu\u00f1ez Jard\u00edn","og_description":"Sill\u00f3n Londain","og_url":"https:\/\/www.casanunez.com.ar\/catalogo\/producto\/sillon-londain\/","og_site_name":"Casa Nu\u00f1ez Jard\u00edn","article_modified_time":"2021-07-08T16:10:40+00:00","og_image":[{"width":446,"height":446,"url":"https:\/\/www.casanunez.com.ar\/catalogo\/wp-content\/uploads\/2018\/12\/Sill\u00f3n-Londain.jpg","type":"image\/jpeg"}],"twitter_card":"summary_large_image","schema":{"@context":"https:\/\/schema.org","@graph":[{"@type":"WebPage","@id":"https:\/\/www.casanunez.com.ar\/catalogo\/producto\/sillon-londain\/","url":"https:\/\/www.casanunez.com.ar\/catalogo\/producto\/sillon-londain\/","name":"Juego Londain - Casa Nu\u00f1ez Jard\u00edn","isPartOf":{"@id":"https:\/\/www.casanunez.com.ar\/catalogo\/#website"},"datePublished":"2018-12-30T23:20:21+00:00","dateModified":"2021-07-08T16:10:40+00:00","description":"Sill\u00f3n Londain","breadcrumb":{"@id":"https:\/\/www.casanunez.com.ar\/catalogo\/producto\/sillon-londain\/#breadcrumb"},"inLanguage":"es","potentialAction":[{"@type":"ReadAction","target":["https:\/\/www.casanunez.com.ar\/catalogo\/producto\/sillon-londain\/"]}]},{"@type":"BreadcrumbList","@id":"https:\/\/www.casanunez.com.ar\/catalogo\/producto\/sillon-londain\/#breadcrumb","itemListElement":[{"@type":"ListItem","position":1,"name":"Portada","item":"https:\/\/www.casanunez.com.ar\/catalogo\/"},{"@type":"ListItem","position":2,"name":"Cat\u00e1logo","item":"https:\/\/www.casanunez.com.ar\/catalogo\/"},{"@type":"ListItem","position":3,"name":"Juego Londain"}]},{"@type":"WebSite","@id":"https:\/\/www.casanunez.com.ar\/catalogo\/#website","url":"https:\/\/www.casanunez.com.ar\/catalogo\/","name":"Casa Nu\u00f1ez Jard\u00edn","description":"","publisher":{"@id":"https:\/\/www.casanunez.com.ar\/catalogo\/#organization"},"potentialAction":[{"@type":"SearchAction","target":{"@type":"EntryPoint","urlTemplate":"https:\/\/www.casanunez.com.ar\/catalogo\/?s={search_term_string}"},"query-input":"required name=search_term_string"}],"inLanguage":"es"},{"@type":"Organization","@id":"https:\/\/www.casanunez.com.ar\/catalogo\/#organization","name":"Casa Nu\u00f1ez Jard\u00edn","url":"https:\/\/www.casanunez.com.ar\/catalogo\/","sameAs":[],"logo":{"@type":"ImageObject","inLanguage":"es","@id":"https:\/\/www.casanunez.com.ar\/catalogo\/#\/schema\/logo\/image\/","url":"https:\/\/www.casanunez.com.ar\/catalogo\/wp-content\/uploads\/2025\/07\/cropped-CN-LOGO-SIN-FONDO-MINI.png","contentUrl":"https:\/\/www.casanunez.com.ar\/catalogo\/wp-content\/uploads\/2025\/07\/cropped-CN-LOGO-SIN-FONDO-MINI.png","width":464,"height":177,"caption":"Casa Nu\u00f1ez Jard\u00edn"},"image":{"@id":"https:\/\/www.casanunez.com.ar\/catalogo\/#\/schema\/logo\/image\/"}}]}},"_links":{"self":[{"href":"https:\/\/www.casanunez.com.ar\/catalogo\/wp-json\/wp\/v2\/product\/384"}],"collection":[{"href":"https:\/\/www.casanunez.com.ar\/catalogo\/wp-json\/wp\/v2\/product"}],"about":[{"href":"https:\/\/www.casanunez.com.ar\/catalogo\/wp-json\/wp\/v2\/types\/product"}],"wp:featuredmedia":[{"embeddable":true,"href":"https:\/\/www.casanunez.com.ar\/catalogo\/wp-json\/wp\/v2\/media\/385"}],"wp:attachment":[{"href":"https:\/\/www.casanunez.com.ar\/catalogo\/wp-json\/wp\/v2\/media?parent=384"}],"wp:term":[{"taxonomy":"product_cat","embeddable":true,"href":"https:\/\/www.casanunez.com.ar\/catalogo\/wp-json\/wp\/v2\/product_cat?post=384"},{"taxonomy":"product_tag","embeddable":true,"href":"https:\/\/www.casanunez.com.ar\/catalogo\/wp-json\/wp\/v2\/product_tag?post=384"}],"curies":[{"name":"wp","href":"https:\/\/api.w.org\/{rel}","templated":true}]}}