{"id":807,"date":"2019-08-19T15:58:15","date_gmt":"2019-08-19T18:58:15","guid":{"rendered":"https:\/\/www.prowebsrl.com\/wp07\/catalogo\/?post_type=product&#038;p=807"},"modified":"2021-07-08T12:47:16","modified_gmt":"2021-07-08T15:47:16","slug":"sillon-dunia-2-cuerpos","status":"publish","type":"product","link":"https:\/\/www.casanunez.com.ar\/catalogo\/producto\/sillon-dunia-2-cuerpos\/","title":{"rendered":"Dunia 2 cuerpos"},"content":{"rendered":"<p>Caracter\u00edsticas: Sill\u00f3n Dunia dos cuerpos<br \/>\n&#8211; Estructura en Aluminio Extrusado<br \/>\n&#8211; Revestido en Ratan sint\u00e9tico<br \/>\n&#8211; Apoyabrazos en madera Teca<br \/>\n&#8211; Tapicer\u00eda Incluida<br \/>\n&#8211; Colores Disponibles: Negro &#8211; Cafe  y Mix Brown.<br \/>\nMedidas: 0,56 profundidad x 1,21 ancho x 0,89 altura mts.<\/p>\n","protected":false},"excerpt":{"rendered":"<p>Caracter\u00edsticas: Sill\u00f3n Dunia dos cuerpos &#8211; Estructura en Aluminio Extrusado &#8211; Revestido en Ratan sint\u00e9tico &#8211; Apoyabrazos en madera Teca &#8211; Tapicer\u00eda Incluida &#8211; Colores Disponibles: Negro &#8211; Cafe y Mix Brown. Medidas: 0,56 profundidad x 1,21 ancho x 0,89 altura mts.<\/p>\n","protected":false},"featured_media":806,"template":"","meta":{"_genesis_hide_title":false,"_genesis_hide_breadcrumbs":false,"_genesis_hide_singular_image":false,"_genesis_hide_footer_widgets":false,"_genesis_custom_body_class":"","_genesis_custom_post_class":"","_genesis_layout":"full-width-content"},"product_cat":[45,72],"product_tag":[],"yoast_head":"<!-- This site is optimized with the Yoast SEO plugin v19.6.1 - https:\/\/yoast.com\/wordpress\/plugins\/seo\/ -->\n<title>Dunia 2 cuerpos - Casa Nu\u00f1ez Jard\u00edn<\/title>\n<meta name=\"robots\" content=\"index, follow, max-snippet:-1, max-image-preview:large, max-video-preview:-1\" \/>\n<link rel=\"canonical\" href=\"https:\/\/www.casanunez.com.ar\/catalogo\/producto\/sillon-dunia-2-cuerpos\/\" \/>\n<meta property=\"og:locale\" content=\"es_ES\" \/>\n<meta property=\"og:type\" content=\"article\" \/>\n<meta property=\"og:title\" content=\"Dunia 2 cuerpos - Casa Nu\u00f1ez Jard\u00edn\" \/>\n<meta property=\"og:description\" content=\"Caracter\u00edsticas: Sill\u00f3n Dunia dos cuerpos &#8211; Estructura en Aluminio Extrusado &#8211; Revestido en Ratan sint\u00e9tico &#8211; Apoyabrazos en madera Teca &#8211; Tapicer\u00eda Incluida &#8211; Colores Disponibles: Negro &#8211; Cafe y Mix Brown. Medidas: 0,56 profundidad x 1,21 ancho x 0,89 altura mts.\" \/>\n<meta property=\"og:url\" content=\"https:\/\/www.casanunez.com.ar\/catalogo\/producto\/sillon-dunia-2-cuerpos\/\" \/>\n<meta property=\"og:site_name\" content=\"Casa Nu\u00f1ez Jard\u00edn\" \/>\n<meta property=\"article:modified_time\" content=\"2021-07-08T15:47:16+00:00\" \/>\n<meta property=\"og:image\" content=\"https:\/\/www.casanunez.com.ar\/catalogo\/wp-content\/uploads\/2019\/08\/IMG_20190711_1626098692-2.jpg\" \/>\n\t<meta property=\"og:image:width\" content=\"2821\" \/>\n\t<meta property=\"og:image:height\" content=\"2115\" \/>\n\t<meta property=\"og:image:type\" content=\"image\/jpeg\" \/>\n<meta name=\"twitter:card\" content=\"summary_large_image\" \/>\n<script type=\"application\/ld+json\" class=\"yoast-schema-graph\">{\"@context\":\"https:\/\/schema.org\",\"@graph\":[{\"@type\":\"WebPage\",\"@id\":\"https:\/\/www.casanunez.com.ar\/catalogo\/producto\/sillon-dunia-2-cuerpos\/\",\"url\":\"https:\/\/www.casanunez.com.ar\/catalogo\/producto\/sillon-dunia-2-cuerpos\/\",\"name\":\"Dunia 2 cuerpos - Casa Nu\u00f1ez Jard\u00edn\",\"isPartOf\":{\"@id\":\"https:\/\/www.casanunez.com.ar\/catalogo\/#website\"},\"datePublished\":\"2019-08-19T18:58:15+00:00\",\"dateModified\":\"2021-07-08T15:47:16+00:00\",\"breadcrumb\":{\"@id\":\"https:\/\/www.casanunez.com.ar\/catalogo\/producto\/sillon-dunia-2-cuerpos\/#breadcrumb\"},\"inLanguage\":\"es\",\"potentialAction\":[{\"@type\":\"ReadAction\",\"target\":[\"https:\/\/www.casanunez.com.ar\/catalogo\/producto\/sillon-dunia-2-cuerpos\/\"]}]},{\"@type\":\"BreadcrumbList\",\"@id\":\"https:\/\/www.casanunez.com.ar\/catalogo\/producto\/sillon-dunia-2-cuerpos\/#breadcrumb\",\"itemListElement\":[{\"@type\":\"ListItem\",\"position\":1,\"name\":\"Portada\",\"item\":\"https:\/\/www.casanunez.com.ar\/catalogo\/\"},{\"@type\":\"ListItem\",\"position\":2,\"name\":\"Cat\u00e1logo\",\"item\":\"https:\/\/www.casanunez.com.ar\/catalogo\/\"},{\"@type\":\"ListItem\",\"position\":3,\"name\":\"Dunia 2 cuerpos\"}]},{\"@type\":\"WebSite\",\"@id\":\"https:\/\/www.casanunez.com.ar\/catalogo\/#website\",\"url\":\"https:\/\/www.casanunez.com.ar\/catalogo\/\",\"name\":\"Casa Nu\u00f1ez Jard\u00edn\",\"description\":\"\",\"publisher\":{\"@id\":\"https:\/\/www.casanunez.com.ar\/catalogo\/#organization\"},\"potentialAction\":[{\"@type\":\"SearchAction\",\"target\":{\"@type\":\"EntryPoint\",\"urlTemplate\":\"https:\/\/www.casanunez.com.ar\/catalogo\/?s={search_term_string}\"},\"query-input\":\"required name=search_term_string\"}],\"inLanguage\":\"es\"},{\"@type\":\"Organization\",\"@id\":\"https:\/\/www.casanunez.com.ar\/catalogo\/#organization\",\"name\":\"Casa Nu\u00f1ez Jard\u00edn\",\"url\":\"https:\/\/www.casanunez.com.ar\/catalogo\/\",\"sameAs\":[],\"logo\":{\"@type\":\"ImageObject\",\"inLanguage\":\"es\",\"@id\":\"https:\/\/www.casanunez.com.ar\/catalogo\/#\/schema\/logo\/image\/\",\"url\":\"https:\/\/www.casanunez.com.ar\/catalogo\/wp-content\/uploads\/2025\/07\/cropped-CN-LOGO-SIN-FONDO-MINI.png\",\"contentUrl\":\"https:\/\/www.casanunez.com.ar\/catalogo\/wp-content\/uploads\/2025\/07\/cropped-CN-LOGO-SIN-FONDO-MINI.png\",\"width\":464,\"height\":177,\"caption\":\"Casa Nu\u00f1ez Jard\u00edn\"},\"image\":{\"@id\":\"https:\/\/www.casanunez.com.ar\/catalogo\/#\/schema\/logo\/image\/\"}}]}<\/script>\n<!-- \/ Yoast SEO plugin. -->","yoast_head_json":{"title":"Dunia 2 cuerpos - Casa Nu\u00f1ez Jard\u00edn","robots":{"index":"index","follow":"follow","max-snippet":"max-snippet:-1","max-image-preview":"max-image-preview:large","max-video-preview":"max-video-preview:-1"},"canonical":"https:\/\/www.casanunez.com.ar\/catalogo\/producto\/sillon-dunia-2-cuerpos\/","og_locale":"es_ES","og_type":"article","og_title":"Dunia 2 cuerpos - Casa Nu\u00f1ez Jard\u00edn","og_description":"Caracter\u00edsticas: Sill\u00f3n Dunia dos cuerpos &#8211; Estructura en Aluminio Extrusado &#8211; Revestido en Ratan sint\u00e9tico &#8211; Apoyabrazos en madera Teca &#8211; Tapicer\u00eda Incluida &#8211; Colores Disponibles: Negro &#8211; Cafe y Mix Brown. Medidas: 0,56 profundidad x 1,21 ancho x 0,89 altura mts.","og_url":"https:\/\/www.casanunez.com.ar\/catalogo\/producto\/sillon-dunia-2-cuerpos\/","og_site_name":"Casa Nu\u00f1ez Jard\u00edn","article_modified_time":"2021-07-08T15:47:16+00:00","og_image":[{"width":2821,"height":2115,"url":"https:\/\/www.casanunez.com.ar\/catalogo\/wp-content\/uploads\/2019\/08\/IMG_20190711_1626098692-2.jpg","type":"image\/jpeg"}],"twitter_card":"summary_large_image","schema":{"@context":"https:\/\/schema.org","@graph":[{"@type":"WebPage","@id":"https:\/\/www.casanunez.com.ar\/catalogo\/producto\/sillon-dunia-2-cuerpos\/","url":"https:\/\/www.casanunez.com.ar\/catalogo\/producto\/sillon-dunia-2-cuerpos\/","name":"Dunia 2 cuerpos - Casa Nu\u00f1ez Jard\u00edn","isPartOf":{"@id":"https:\/\/www.casanunez.com.ar\/catalogo\/#website"},"datePublished":"2019-08-19T18:58:15+00:00","dateModified":"2021-07-08T15:47:16+00:00","breadcrumb":{"@id":"https:\/\/www.casanunez.com.ar\/catalogo\/producto\/sillon-dunia-2-cuerpos\/#breadcrumb"},"inLanguage":"es","potentialAction":[{"@type":"ReadAction","target":["https:\/\/www.casanunez.com.ar\/catalogo\/producto\/sillon-dunia-2-cuerpos\/"]}]},{"@type":"BreadcrumbList","@id":"https:\/\/www.casanunez.com.ar\/catalogo\/producto\/sillon-dunia-2-cuerpos\/#breadcrumb","itemListElement":[{"@type":"ListItem","position":1,"name":"Portada","item":"https:\/\/www.casanunez.com.ar\/catalogo\/"},{"@type":"ListItem","position":2,"name":"Cat\u00e1logo","item":"https:\/\/www.casanunez.com.ar\/catalogo\/"},{"@type":"ListItem","position":3,"name":"Dunia 2 cuerpos"}]},{"@type":"WebSite","@id":"https:\/\/www.casanunez.com.ar\/catalogo\/#website","url":"https:\/\/www.casanunez.com.ar\/catalogo\/","name":"Casa Nu\u00f1ez Jard\u00edn","description":"","publisher":{"@id":"https:\/\/www.casanunez.com.ar\/catalogo\/#organization"},"potentialAction":[{"@type":"SearchAction","target":{"@type":"EntryPoint","urlTemplate":"https:\/\/www.casanunez.com.ar\/catalogo\/?s={search_term_string}"},"query-input":"required name=search_term_string"}],"inLanguage":"es"},{"@type":"Organization","@id":"https:\/\/www.casanunez.com.ar\/catalogo\/#organization","name":"Casa Nu\u00f1ez Jard\u00edn","url":"https:\/\/www.casanunez.com.ar\/catalogo\/","sameAs":[],"logo":{"@type":"ImageObject","inLanguage":"es","@id":"https:\/\/www.casanunez.com.ar\/catalogo\/#\/schema\/logo\/image\/","url":"https:\/\/www.casanunez.com.ar\/catalogo\/wp-content\/uploads\/2025\/07\/cropped-CN-LOGO-SIN-FONDO-MINI.png","contentUrl":"https:\/\/www.casanunez.com.ar\/catalogo\/wp-content\/uploads\/2025\/07\/cropped-CN-LOGO-SIN-FONDO-MINI.png","width":464,"height":177,"caption":"Casa Nu\u00f1ez Jard\u00edn"},"image":{"@id":"https:\/\/www.casanunez.com.ar\/catalogo\/#\/schema\/logo\/image\/"}}]}},"_links":{"self":[{"href":"https:\/\/www.casanunez.com.ar\/catalogo\/wp-json\/wp\/v2\/product\/807"}],"collection":[{"href":"https:\/\/www.casanunez.com.ar\/catalogo\/wp-json\/wp\/v2\/product"}],"about":[{"href":"https:\/\/www.casanunez.com.ar\/catalogo\/wp-json\/wp\/v2\/types\/product"}],"wp:featuredmedia":[{"embeddable":true,"href":"https:\/\/www.casanunez.com.ar\/catalogo\/wp-json\/wp\/v2\/media\/806"}],"wp:attachment":[{"href":"https:\/\/www.casanunez.com.ar\/catalogo\/wp-json\/wp\/v2\/media?parent=807"}],"wp:term":[{"taxonomy":"product_cat","embeddable":true,"href":"https:\/\/www.casanunez.com.ar\/catalogo\/wp-json\/wp\/v2\/product_cat?post=807"},{"taxonomy":"product_tag","embeddable":true,"href":"https:\/\/www.casanunez.com.ar\/catalogo\/wp-json\/wp\/v2\/product_tag?post=807"}],"curies":[{"name":"wp","href":"https:\/\/api.w.org\/{rel}","templated":true}]}}