{"id":8464,"date":"2020-08-07T09:46:22","date_gmt":"2020-08-07T12:46:22","guid":{"rendered":"https:\/\/www.casanunez.com.ar\/catalogo\/?post_type=product&#038;p=8464"},"modified":"2024-09-03T10:43:39","modified_gmt":"2024-09-03T13:43:39","slug":"sillon-tavira","status":"publish","type":"product","link":"https:\/\/www.casanunez.com.ar\/catalogo\/producto\/sillon-tavira\/","title":{"rendered":"Sill\u00f3n Tavira"},"content":{"rendered":"<h6>Caracter\u00edsticas: Sill\u00f3n Tavira<br \/>\n&#8211; Estructura en Aluminio extrusado<br \/>\n&#8211; Asiento y Respaldo en Textilene<br \/>\nMedidas: 0,86 alto x 0,57 ancho x 0,62 profundidad.<\/h6>\n","protected":false},"excerpt":{"rendered":"<p>Caracter\u00edsticas: Sill\u00f3n Tavira &#8211; Estructura en Aluminio extrusado &#8211; Asiento y Respaldo en Textilene Medidas: 0,86 alto x 0,57 ancho x 0,62 profundidad.<\/p>\n","protected":false},"featured_media":8465,"template":"","meta":{"_genesis_hide_title":false,"_genesis_hide_breadcrumbs":false,"_genesis_hide_singular_image":false,"_genesis_hide_footer_widgets":false,"_genesis_custom_body_class":"","_genesis_custom_post_class":"","_genesis_layout":""},"product_cat":[113,32,68],"product_tag":[],"yoast_head":"<!-- This site is optimized with the Yoast SEO plugin v19.6.1 - https:\/\/yoast.com\/wordpress\/plugins\/seo\/ -->\n<title>Sill\u00f3n Tavira - Casa Nu\u00f1ez Jard\u00edn<\/title>\n<meta name=\"robots\" content=\"index, follow, max-snippet:-1, max-image-preview:large, max-video-preview:-1\" \/>\n<link rel=\"canonical\" href=\"https:\/\/www.casanunez.com.ar\/catalogo\/producto\/sillon-tavira\/\" \/>\n<meta property=\"og:locale\" content=\"es_ES\" \/>\n<meta property=\"og:type\" content=\"article\" \/>\n<meta property=\"og:title\" content=\"Sill\u00f3n Tavira - Casa Nu\u00f1ez Jard\u00edn\" \/>\n<meta property=\"og:description\" content=\"Caracter\u00edsticas: Sill\u00f3n Tavira &#8211; Estructura en Aluminio extrusado &#8211; Asiento y Respaldo en Textilene Medidas: 0,86 alto x 0,57 ancho x 0,62 profundidad.\" \/>\n<meta property=\"og:url\" content=\"https:\/\/www.casanunez.com.ar\/catalogo\/producto\/sillon-tavira\/\" \/>\n<meta property=\"og:site_name\" content=\"Casa Nu\u00f1ez Jard\u00edn\" \/>\n<meta property=\"article:modified_time\" content=\"2024-09-03T13:43:39+00:00\" \/>\n<meta property=\"og:image\" content=\"https:\/\/www.casanunez.com.ar\/catalogo\/wp-content\/uploads\/2020\/08\/WhatsApp-Image-2020-07-08-at-17.47.40.jpeg\" \/>\n\t<meta property=\"og:image:width\" content=\"900\" \/>\n\t<meta property=\"og:image:height\" content=\"600\" \/>\n\t<meta property=\"og:image:type\" content=\"image\/jpeg\" \/>\n<meta name=\"twitter:card\" content=\"summary_large_image\" \/>\n<meta name=\"twitter:label1\" content=\"Tiempo de lectura\" \/>\n\t<meta name=\"twitter:data1\" content=\"1 minuto\" \/>\n<script type=\"application\/ld+json\" class=\"yoast-schema-graph\">{\"@context\":\"https:\/\/schema.org\",\"@graph\":[{\"@type\":\"WebPage\",\"@id\":\"https:\/\/www.casanunez.com.ar\/catalogo\/producto\/sillon-tavira\/\",\"url\":\"https:\/\/www.casanunez.com.ar\/catalogo\/producto\/sillon-tavira\/\",\"name\":\"Sill\u00f3n Tavira - Casa Nu\u00f1ez Jard\u00edn\",\"isPartOf\":{\"@id\":\"https:\/\/www.casanunez.com.ar\/catalogo\/#website\"},\"datePublished\":\"2020-08-07T12:46:22+00:00\",\"dateModified\":\"2024-09-03T13:43:39+00:00\",\"breadcrumb\":{\"@id\":\"https:\/\/www.casanunez.com.ar\/catalogo\/producto\/sillon-tavira\/#breadcrumb\"},\"inLanguage\":\"es\",\"potentialAction\":[{\"@type\":\"ReadAction\",\"target\":[\"https:\/\/www.casanunez.com.ar\/catalogo\/producto\/sillon-tavira\/\"]}]},{\"@type\":\"BreadcrumbList\",\"@id\":\"https:\/\/www.casanunez.com.ar\/catalogo\/producto\/sillon-tavira\/#breadcrumb\",\"itemListElement\":[{\"@type\":\"ListItem\",\"position\":1,\"name\":\"Portada\",\"item\":\"https:\/\/www.casanunez.com.ar\/catalogo\/\"},{\"@type\":\"ListItem\",\"position\":2,\"name\":\"Cat\u00e1logo\",\"item\":\"https:\/\/www.casanunez.com.ar\/catalogo\/\"},{\"@type\":\"ListItem\",\"position\":3,\"name\":\"Sill\u00f3n Tavira\"}]},{\"@type\":\"WebSite\",\"@id\":\"https:\/\/www.casanunez.com.ar\/catalogo\/#website\",\"url\":\"https:\/\/www.casanunez.com.ar\/catalogo\/\",\"name\":\"Casa Nu\u00f1ez Jard\u00edn\",\"description\":\"\",\"publisher\":{\"@id\":\"https:\/\/www.casanunez.com.ar\/catalogo\/#organization\"},\"potentialAction\":[{\"@type\":\"SearchAction\",\"target\":{\"@type\":\"EntryPoint\",\"urlTemplate\":\"https:\/\/www.casanunez.com.ar\/catalogo\/?s={search_term_string}\"},\"query-input\":\"required name=search_term_string\"}],\"inLanguage\":\"es\"},{\"@type\":\"Organization\",\"@id\":\"https:\/\/www.casanunez.com.ar\/catalogo\/#organization\",\"name\":\"Casa Nu\u00f1ez Jard\u00edn\",\"url\":\"https:\/\/www.casanunez.com.ar\/catalogo\/\",\"sameAs\":[],\"logo\":{\"@type\":\"ImageObject\",\"inLanguage\":\"es\",\"@id\":\"https:\/\/www.casanunez.com.ar\/catalogo\/#\/schema\/logo\/image\/\",\"url\":\"https:\/\/www.casanunez.com.ar\/catalogo\/wp-content\/uploads\/2025\/07\/cropped-CN-LOGO-SIN-FONDO-MINI.png\",\"contentUrl\":\"https:\/\/www.casanunez.com.ar\/catalogo\/wp-content\/uploads\/2025\/07\/cropped-CN-LOGO-SIN-FONDO-MINI.png\",\"width\":464,\"height\":177,\"caption\":\"Casa Nu\u00f1ez Jard\u00edn\"},\"image\":{\"@id\":\"https:\/\/www.casanunez.com.ar\/catalogo\/#\/schema\/logo\/image\/\"}}]}<\/script>\n<!-- \/ Yoast SEO plugin. -->","yoast_head_json":{"title":"Sill\u00f3n Tavira - Casa Nu\u00f1ez Jard\u00edn","robots":{"index":"index","follow":"follow","max-snippet":"max-snippet:-1","max-image-preview":"max-image-preview:large","max-video-preview":"max-video-preview:-1"},"canonical":"https:\/\/www.casanunez.com.ar\/catalogo\/producto\/sillon-tavira\/","og_locale":"es_ES","og_type":"article","og_title":"Sill\u00f3n Tavira - Casa Nu\u00f1ez Jard\u00edn","og_description":"Caracter\u00edsticas: Sill\u00f3n Tavira &#8211; Estructura en Aluminio extrusado &#8211; Asiento y Respaldo en Textilene Medidas: 0,86 alto x 0,57 ancho x 0,62 profundidad.","og_url":"https:\/\/www.casanunez.com.ar\/catalogo\/producto\/sillon-tavira\/","og_site_name":"Casa Nu\u00f1ez Jard\u00edn","article_modified_time":"2024-09-03T13:43:39+00:00","og_image":[{"width":900,"height":600,"url":"https:\/\/www.casanunez.com.ar\/catalogo\/wp-content\/uploads\/2020\/08\/WhatsApp-Image-2020-07-08-at-17.47.40.jpeg","type":"image\/jpeg"}],"twitter_card":"summary_large_image","twitter_misc":{"Tiempo de lectura":"1 minuto"},"schema":{"@context":"https:\/\/schema.org","@graph":[{"@type":"WebPage","@id":"https:\/\/www.casanunez.com.ar\/catalogo\/producto\/sillon-tavira\/","url":"https:\/\/www.casanunez.com.ar\/catalogo\/producto\/sillon-tavira\/","name":"Sill\u00f3n Tavira - Casa Nu\u00f1ez Jard\u00edn","isPartOf":{"@id":"https:\/\/www.casanunez.com.ar\/catalogo\/#website"},"datePublished":"2020-08-07T12:46:22+00:00","dateModified":"2024-09-03T13:43:39+00:00","breadcrumb":{"@id":"https:\/\/www.casanunez.com.ar\/catalogo\/producto\/sillon-tavira\/#breadcrumb"},"inLanguage":"es","potentialAction":[{"@type":"ReadAction","target":["https:\/\/www.casanunez.com.ar\/catalogo\/producto\/sillon-tavira\/"]}]},{"@type":"BreadcrumbList","@id":"https:\/\/www.casanunez.com.ar\/catalogo\/producto\/sillon-tavira\/#breadcrumb","itemListElement":[{"@type":"ListItem","position":1,"name":"Portada","item":"https:\/\/www.casanunez.com.ar\/catalogo\/"},{"@type":"ListItem","position":2,"name":"Cat\u00e1logo","item":"https:\/\/www.casanunez.com.ar\/catalogo\/"},{"@type":"ListItem","position":3,"name":"Sill\u00f3n Tavira"}]},{"@type":"WebSite","@id":"https:\/\/www.casanunez.com.ar\/catalogo\/#website","url":"https:\/\/www.casanunez.com.ar\/catalogo\/","name":"Casa Nu\u00f1ez Jard\u00edn","description":"","publisher":{"@id":"https:\/\/www.casanunez.com.ar\/catalogo\/#organization"},"potentialAction":[{"@type":"SearchAction","target":{"@type":"EntryPoint","urlTemplate":"https:\/\/www.casanunez.com.ar\/catalogo\/?s={search_term_string}"},"query-input":"required name=search_term_string"}],"inLanguage":"es"},{"@type":"Organization","@id":"https:\/\/www.casanunez.com.ar\/catalogo\/#organization","name":"Casa Nu\u00f1ez Jard\u00edn","url":"https:\/\/www.casanunez.com.ar\/catalogo\/","sameAs":[],"logo":{"@type":"ImageObject","inLanguage":"es","@id":"https:\/\/www.casanunez.com.ar\/catalogo\/#\/schema\/logo\/image\/","url":"https:\/\/www.casanunez.com.ar\/catalogo\/wp-content\/uploads\/2025\/07\/cropped-CN-LOGO-SIN-FONDO-MINI.png","contentUrl":"https:\/\/www.casanunez.com.ar\/catalogo\/wp-content\/uploads\/2025\/07\/cropped-CN-LOGO-SIN-FONDO-MINI.png","width":464,"height":177,"caption":"Casa Nu\u00f1ez Jard\u00edn"},"image":{"@id":"https:\/\/www.casanunez.com.ar\/catalogo\/#\/schema\/logo\/image\/"}}]}},"_links":{"self":[{"href":"https:\/\/www.casanunez.com.ar\/catalogo\/wp-json\/wp\/v2\/product\/8464"}],"collection":[{"href":"https:\/\/www.casanunez.com.ar\/catalogo\/wp-json\/wp\/v2\/product"}],"about":[{"href":"https:\/\/www.casanunez.com.ar\/catalogo\/wp-json\/wp\/v2\/types\/product"}],"wp:featuredmedia":[{"embeddable":true,"href":"https:\/\/www.casanunez.com.ar\/catalogo\/wp-json\/wp\/v2\/media\/8465"}],"wp:attachment":[{"href":"https:\/\/www.casanunez.com.ar\/catalogo\/wp-json\/wp\/v2\/media?parent=8464"}],"wp:term":[{"taxonomy":"product_cat","embeddable":true,"href":"https:\/\/www.casanunez.com.ar\/catalogo\/wp-json\/wp\/v2\/product_cat?post=8464"},{"taxonomy":"product_tag","embeddable":true,"href":"https:\/\/www.casanunez.com.ar\/catalogo\/wp-json\/wp\/v2\/product_tag?post=8464"}],"curies":[{"name":"wp","href":"https:\/\/api.w.org\/{rel}","templated":true}]}}