{"id":8492,"date":"2020-08-18T09:45:57","date_gmt":"2020-08-18T12:45:57","guid":{"rendered":"https:\/\/www.casanunez.com.ar\/catalogo\/?post_type=product&#038;p=8492"},"modified":"2025-08-14T13:01:33","modified_gmt":"2025-08-14T16:01:33","slug":"juego-selva","status":"publish","type":"product","link":"https:\/\/www.casanunez.com.ar\/catalogo\/producto\/juego-selva\/","title":{"rendered":"Juego Selva"},"content":{"rendered":"<h6>Caracter\u00edsticas: Juego Selva<br \/>\n-Estructura en Aluminio extrusado color Antracita.<br \/>\n-Asiento y respaldo en Textilene color Antracita.<br \/>\n-Mesa con cristal en la superficie.<br \/>\nMedidas:<br \/>\n-Sill\u00f3n 2 cuerpos:<br \/>\nLargo: 1,23 x Ancho: 0,60 x Alto respaldo: 0,87 x Alto asiento: 0,41 x Profundidad asiento: 0,57.<br \/>\n-Sill\u00f3n Individual:<br \/>\nLargo:0,70 x Ancho: 0,60 x Alto respaldo: 0,87 x Alto asiento: 0,41 x Profundidad asiento: 0,57.<br \/>\n-Mesa ratona con vidrio templado:\u00a0 Largo: 1,28 x Ancho: 0,68 x Alto: 0,40.<\/h6>\n<h6>Mesa central ratona con madera Teca para exterior: 45&#215;45<\/h6>\n","protected":false},"excerpt":{"rendered":"<p>Caracter\u00edsticas: Juego Selva -Estructura en Aluminio extrusado color Antracita. -Asiento y respaldo en Textilene color Antracita. -Mesa con cristal en la superficie. Medidas: -Sill\u00f3n 2 cuerpos: Largo: 1,23 x Ancho: 0,60 x Alto respaldo: 0,87 x Alto asiento: 0,41 x Profundidad asiento: 0,57. -Sill\u00f3n Individual: Largo:0,70 x Ancho: 0,60 x Alto respaldo: 0,87 x Alto [&hellip;]<\/p>\n","protected":false},"featured_media":10189,"template":"","meta":{"_genesis_hide_title":false,"_genesis_hide_breadcrumbs":false,"_genesis_hide_singular_image":false,"_genesis_hide_footer_widgets":false,"_genesis_custom_body_class":"","_genesis_custom_post_class":"","_genesis_layout":""},"product_cat":[53,113,32,68],"product_tag":[],"yoast_head":"<!-- This site is optimized with the Yoast SEO plugin v19.6.1 - https:\/\/yoast.com\/wordpress\/plugins\/seo\/ -->\n<title>Juego Selva - Casa Nu\u00f1ez Jard\u00edn<\/title>\n<meta name=\"robots\" content=\"index, follow, max-snippet:-1, max-image-preview:large, max-video-preview:-1\" \/>\n<link rel=\"canonical\" href=\"https:\/\/www.casanunez.com.ar\/catalogo\/producto\/juego-selva\/\" \/>\n<meta property=\"og:locale\" content=\"es_ES\" \/>\n<meta property=\"og:type\" content=\"article\" \/>\n<meta property=\"og:title\" content=\"Juego Selva - Casa Nu\u00f1ez Jard\u00edn\" \/>\n<meta property=\"og:description\" content=\"Caracter\u00edsticas: Juego Selva -Estructura en Aluminio extrusado color Antracita. -Asiento y respaldo en Textilene color Antracita. -Mesa con cristal en la superficie. Medidas: -Sill\u00f3n 2 cuerpos: Largo: 1,23 x Ancho: 0,60 x Alto respaldo: 0,87 x Alto asiento: 0,41 x Profundidad asiento: 0,57. -Sill\u00f3n Individual: Largo:0,70 x Ancho: 0,60 x Alto respaldo: 0,87 x Alto [&hellip;]\" \/>\n<meta property=\"og:url\" content=\"https:\/\/www.casanunez.com.ar\/catalogo\/producto\/juego-selva\/\" \/>\n<meta property=\"og:site_name\" content=\"Casa Nu\u00f1ez Jard\u00edn\" \/>\n<meta property=\"article:modified_time\" content=\"2025-08-14T16:01:33+00:00\" \/>\n<meta property=\"og:image\" content=\"https:\/\/www.casanunez.com.ar\/catalogo\/wp-content\/uploads\/2020\/08\/selva-solo-1.jpg\" \/>\n\t<meta property=\"og:image:width\" content=\"1022\" \/>\n\t<meta property=\"og:image:height\" content=\"708\" \/>\n\t<meta property=\"og:image:type\" content=\"image\/jpeg\" \/>\n<meta name=\"twitter:card\" content=\"summary_large_image\" \/>\n<meta name=\"twitter:label1\" content=\"Tiempo de lectura\" \/>\n\t<meta name=\"twitter:data1\" content=\"1 minuto\" \/>\n<script type=\"application\/ld+json\" class=\"yoast-schema-graph\">{\"@context\":\"https:\/\/schema.org\",\"@graph\":[{\"@type\":\"WebPage\",\"@id\":\"https:\/\/www.casanunez.com.ar\/catalogo\/producto\/juego-selva\/\",\"url\":\"https:\/\/www.casanunez.com.ar\/catalogo\/producto\/juego-selva\/\",\"name\":\"Juego Selva - Casa Nu\u00f1ez Jard\u00edn\",\"isPartOf\":{\"@id\":\"https:\/\/www.casanunez.com.ar\/catalogo\/#website\"},\"datePublished\":\"2020-08-18T12:45:57+00:00\",\"dateModified\":\"2025-08-14T16:01:33+00:00\",\"breadcrumb\":{\"@id\":\"https:\/\/www.casanunez.com.ar\/catalogo\/producto\/juego-selva\/#breadcrumb\"},\"inLanguage\":\"es\",\"potentialAction\":[{\"@type\":\"ReadAction\",\"target\":[\"https:\/\/www.casanunez.com.ar\/catalogo\/producto\/juego-selva\/\"]}]},{\"@type\":\"BreadcrumbList\",\"@id\":\"https:\/\/www.casanunez.com.ar\/catalogo\/producto\/juego-selva\/#breadcrumb\",\"itemListElement\":[{\"@type\":\"ListItem\",\"position\":1,\"name\":\"Portada\",\"item\":\"https:\/\/www.casanunez.com.ar\/catalogo\/\"},{\"@type\":\"ListItem\",\"position\":2,\"name\":\"Cat\u00e1logo\",\"item\":\"https:\/\/www.casanunez.com.ar\/catalogo\/\"},{\"@type\":\"ListItem\",\"position\":3,\"name\":\"Juego Selva\"}]},{\"@type\":\"WebSite\",\"@id\":\"https:\/\/www.casanunez.com.ar\/catalogo\/#website\",\"url\":\"https:\/\/www.casanunez.com.ar\/catalogo\/\",\"name\":\"Casa Nu\u00f1ez Jard\u00edn\",\"description\":\"\",\"publisher\":{\"@id\":\"https:\/\/www.casanunez.com.ar\/catalogo\/#organization\"},\"potentialAction\":[{\"@type\":\"SearchAction\",\"target\":{\"@type\":\"EntryPoint\",\"urlTemplate\":\"https:\/\/www.casanunez.com.ar\/catalogo\/?s={search_term_string}\"},\"query-input\":\"required name=search_term_string\"}],\"inLanguage\":\"es\"},{\"@type\":\"Organization\",\"@id\":\"https:\/\/www.casanunez.com.ar\/catalogo\/#organization\",\"name\":\"Casa Nu\u00f1ez Jard\u00edn\",\"url\":\"https:\/\/www.casanunez.com.ar\/catalogo\/\",\"sameAs\":[],\"logo\":{\"@type\":\"ImageObject\",\"inLanguage\":\"es\",\"@id\":\"https:\/\/www.casanunez.com.ar\/catalogo\/#\/schema\/logo\/image\/\",\"url\":\"https:\/\/www.casanunez.com.ar\/catalogo\/wp-content\/uploads\/2025\/07\/cropped-CN-LOGO-SIN-FONDO-MINI.png\",\"contentUrl\":\"https:\/\/www.casanunez.com.ar\/catalogo\/wp-content\/uploads\/2025\/07\/cropped-CN-LOGO-SIN-FONDO-MINI.png\",\"width\":464,\"height\":177,\"caption\":\"Casa Nu\u00f1ez Jard\u00edn\"},\"image\":{\"@id\":\"https:\/\/www.casanunez.com.ar\/catalogo\/#\/schema\/logo\/image\/\"}}]}<\/script>\n<!-- \/ Yoast SEO plugin. -->","yoast_head_json":{"title":"Juego Selva - Casa Nu\u00f1ez Jard\u00edn","robots":{"index":"index","follow":"follow","max-snippet":"max-snippet:-1","max-image-preview":"max-image-preview:large","max-video-preview":"max-video-preview:-1"},"canonical":"https:\/\/www.casanunez.com.ar\/catalogo\/producto\/juego-selva\/","og_locale":"es_ES","og_type":"article","og_title":"Juego Selva - Casa Nu\u00f1ez Jard\u00edn","og_description":"Caracter\u00edsticas: Juego Selva -Estructura en Aluminio extrusado color Antracita. -Asiento y respaldo en Textilene color Antracita. -Mesa con cristal en la superficie. Medidas: -Sill\u00f3n 2 cuerpos: Largo: 1,23 x Ancho: 0,60 x Alto respaldo: 0,87 x Alto asiento: 0,41 x Profundidad asiento: 0,57. -Sill\u00f3n Individual: Largo:0,70 x Ancho: 0,60 x Alto respaldo: 0,87 x Alto [&hellip;]","og_url":"https:\/\/www.casanunez.com.ar\/catalogo\/producto\/juego-selva\/","og_site_name":"Casa Nu\u00f1ez Jard\u00edn","article_modified_time":"2025-08-14T16:01:33+00:00","og_image":[{"width":1022,"height":708,"url":"https:\/\/www.casanunez.com.ar\/catalogo\/wp-content\/uploads\/2020\/08\/selva-solo-1.jpg","type":"image\/jpeg"}],"twitter_card":"summary_large_image","twitter_misc":{"Tiempo de lectura":"1 minuto"},"schema":{"@context":"https:\/\/schema.org","@graph":[{"@type":"WebPage","@id":"https:\/\/www.casanunez.com.ar\/catalogo\/producto\/juego-selva\/","url":"https:\/\/www.casanunez.com.ar\/catalogo\/producto\/juego-selva\/","name":"Juego Selva - Casa Nu\u00f1ez Jard\u00edn","isPartOf":{"@id":"https:\/\/www.casanunez.com.ar\/catalogo\/#website"},"datePublished":"2020-08-18T12:45:57+00:00","dateModified":"2025-08-14T16:01:33+00:00","breadcrumb":{"@id":"https:\/\/www.casanunez.com.ar\/catalogo\/producto\/juego-selva\/#breadcrumb"},"inLanguage":"es","potentialAction":[{"@type":"ReadAction","target":["https:\/\/www.casanunez.com.ar\/catalogo\/producto\/juego-selva\/"]}]},{"@type":"BreadcrumbList","@id":"https:\/\/www.casanunez.com.ar\/catalogo\/producto\/juego-selva\/#breadcrumb","itemListElement":[{"@type":"ListItem","position":1,"name":"Portada","item":"https:\/\/www.casanunez.com.ar\/catalogo\/"},{"@type":"ListItem","position":2,"name":"Cat\u00e1logo","item":"https:\/\/www.casanunez.com.ar\/catalogo\/"},{"@type":"ListItem","position":3,"name":"Juego Selva"}]},{"@type":"WebSite","@id":"https:\/\/www.casanunez.com.ar\/catalogo\/#website","url":"https:\/\/www.casanunez.com.ar\/catalogo\/","name":"Casa Nu\u00f1ez Jard\u00edn","description":"","publisher":{"@id":"https:\/\/www.casanunez.com.ar\/catalogo\/#organization"},"potentialAction":[{"@type":"SearchAction","target":{"@type":"EntryPoint","urlTemplate":"https:\/\/www.casanunez.com.ar\/catalogo\/?s={search_term_string}"},"query-input":"required name=search_term_string"}],"inLanguage":"es"},{"@type":"Organization","@id":"https:\/\/www.casanunez.com.ar\/catalogo\/#organization","name":"Casa Nu\u00f1ez Jard\u00edn","url":"https:\/\/www.casanunez.com.ar\/catalogo\/","sameAs":[],"logo":{"@type":"ImageObject","inLanguage":"es","@id":"https:\/\/www.casanunez.com.ar\/catalogo\/#\/schema\/logo\/image\/","url":"https:\/\/www.casanunez.com.ar\/catalogo\/wp-content\/uploads\/2025\/07\/cropped-CN-LOGO-SIN-FONDO-MINI.png","contentUrl":"https:\/\/www.casanunez.com.ar\/catalogo\/wp-content\/uploads\/2025\/07\/cropped-CN-LOGO-SIN-FONDO-MINI.png","width":464,"height":177,"caption":"Casa Nu\u00f1ez Jard\u00edn"},"image":{"@id":"https:\/\/www.casanunez.com.ar\/catalogo\/#\/schema\/logo\/image\/"}}]}},"_links":{"self":[{"href":"https:\/\/www.casanunez.com.ar\/catalogo\/wp-json\/wp\/v2\/product\/8492"}],"collection":[{"href":"https:\/\/www.casanunez.com.ar\/catalogo\/wp-json\/wp\/v2\/product"}],"about":[{"href":"https:\/\/www.casanunez.com.ar\/catalogo\/wp-json\/wp\/v2\/types\/product"}],"wp:featuredmedia":[{"embeddable":true,"href":"https:\/\/www.casanunez.com.ar\/catalogo\/wp-json\/wp\/v2\/media\/10189"}],"wp:attachment":[{"href":"https:\/\/www.casanunez.com.ar\/catalogo\/wp-json\/wp\/v2\/media?parent=8492"}],"wp:term":[{"taxonomy":"product_cat","embeddable":true,"href":"https:\/\/www.casanunez.com.ar\/catalogo\/wp-json\/wp\/v2\/product_cat?post=8492"},{"taxonomy":"product_tag","embeddable":true,"href":"https:\/\/www.casanunez.com.ar\/catalogo\/wp-json\/wp\/v2\/product_tag?post=8492"}],"curies":[{"name":"wp","href":"https:\/\/api.w.org\/{rel}","templated":true}]}}